{"id":58,"date":"2023-10-24T01:41:03","date_gmt":"2023-10-24T01:41:03","guid":{"rendered":"https:\/\/garcialonas-mallasombra.com\/?page_id=58"},"modified":"2025-04-06T02:14:03","modified_gmt":"2025-04-06T02:14:03","slug":"estructuras","status":"publish","type":"page","link":"https:\/\/garcialonas-mallasombra.com\/index.php\/estructuras\/","title":{"rendered":"ESTRUCTURAS"},"content":{"rendered":"\t\t<div data-elementor-type=\"wp-page\" data-elementor-id=\"58\" class=\"elementor elementor-58\">\n\t\t\t\t<div class=\"elementor-element elementor-element-708e5ad e-flex e-con-boxed e-con e-parent\" data-id=\"708e5ad\" data-element_type=\"container\">\n\t\t\t\t\t<div class=\"e-con-inner\">\n\t\t\t\t<div class=\"elementor-element elementor-element-5f55342 elementor-widget elementor-widget-heading\" data-id=\"5f55342\" data-element_type=\"widget\" data-widget_type=\"heading.default\">\n\t\t\t\t<div class=\"elementor-widget-container\">\n\t\t\t<style>\/*! elementor - v3.22.0 - 26-06-2024 *\/\n.elementor-heading-title{padding:0;margin:0;line-height:1}.elementor-widget-heading .elementor-heading-title[class*=elementor-size-]>a{color:inherit;font-size:inherit;line-height:inherit}.elementor-widget-heading .elementor-heading-title.elementor-size-small{font-size:15px}.elementor-widget-heading .elementor-heading-title.elementor-size-medium{font-size:19px}.elementor-widget-heading .elementor-heading-title.elementor-size-large{font-size:29px}.elementor-widget-heading .elementor-heading-title.elementor-size-xl{font-size:39px}.elementor-widget-heading .elementor-heading-title.elementor-size-xxl{font-size:59px}<\/style><h2 class=\"elementor-heading-title elementor-size-default\">P\u00e9rgolas<br>para estacionamiento<br>zonas de espera<br>albercas<br>carpas<br>para invernadero<br>Con argollas<br>Cortinas verticales (enrollables o fijas)<br><\/h2>\t\t<\/div>\n\t\t\t\t<\/div>\n\t\t\t\t\t<\/div>\n\t\t\t\t<\/div>\n\t\t<div class=\"elementor-element elementor-element-32c7fb6 e-flex e-con-boxed e-con e-parent\" data-id=\"32c7fb6\" data-element_type=\"container\">\n\t\t\t\t\t<div class=\"e-con-inner\">\n\t\t<div class=\"elementor-element elementor-element-9860e7a e-con-full e-flex e-con e-child\" data-id=\"9860e7a\" data-element_type=\"container\">\n\t\t\t\t<div class=\"elementor-element elementor-element-8e1436e elementor-widget elementor-widget-image\" data-id=\"8e1436e\" data-element_type=\"widget\" data-widget_type=\"image.default\">\n\t\t\t\t<div class=\"elementor-widget-container\">\n\t\t\t<style>\/*! elementor - v3.22.0 - 26-06-2024 *\/\n.elementor-widget-image{text-align:center}.elementor-widget-image a{display:inline-block}.elementor-widget-image a img[src$=\".svg\"]{width:48px}.elementor-widget-image img{vertical-align:middle;display:inline-block}<\/style>\t\t\t\t\t\t\t\t\t\t<img fetchpriority=\"high\" decoding=\"async\" width=\"736\" height=\"981\" src=\"https:\/\/garcialonas-mallasombra.com\/wp-content\/uploads\/2025\/04\/WhatsApp-Image-2025-03-28-at-12.50.25-PM.jpeg\" class=\"attachment-medium_large size-medium_large wp-image-139\" alt=\"\" srcset=\"https:\/\/garcialonas-mallasombra.com\/wp-content\/uploads\/2025\/04\/WhatsApp-Image-2025-03-28-at-12.50.25-PM.jpeg 736w, https:\/\/garcialonas-mallasombra.com\/wp-content\/uploads\/2025\/04\/WhatsApp-Image-2025-03-28-at-12.50.25-PM-225x300.jpeg 225w\" sizes=\"(max-width: 736px) 100vw, 736px\" \/>\t\t\t\t\t\t\t\t\t\t\t\t\t<\/div>\n\t\t\t\t<\/div>\n\t\t\t\t<\/div>\n\t\t<div class=\"elementor-element elementor-element-c1f46cd e-con-full e-flex e-con e-child\" data-id=\"c1f46cd\" data-element_type=\"container\">\n\t\t\t\t<div class=\"elementor-element elementor-element-e7e51b7 elementor-widget elementor-widget-heading\" data-id=\"e7e51b7\" data-element_type=\"widget\" data-widget_type=\"heading.default\">\n\t\t\t\t<div class=\"elementor-widget-container\">\n\t\t\t<h2 class=\"elementor-heading-title elementor-size-default\">P\u00e9rgolas<\/h2>\t\t<\/div>\n\t\t\t\t<\/div>\n\t\t\t\t<div class=\"elementor-element elementor-element-aa1fcda elementor-widget elementor-widget-heading\" data-id=\"aa1fcda\" data-element_type=\"widget\" data-widget_type=\"heading.default\">\n\t\t\t\t<div class=\"elementor-widget-container\">\n\t\t\t<h2 class=\"elementor-heading-title elementor-size-default\">Para \u00e1reas de descanso o estacionamiento al aire libre. Estructuras completamente adecuadas para malla sombra.<\/h2>\t\t<\/div>\n\t\t\t\t<\/div>\n\t\t\t\t<\/div>\n\t\t\t\t\t<\/div>\n\t\t\t\t<\/div>\n\t\t<div class=\"elementor-element elementor-element-1d3547e e-flex e-con-boxed e-con e-parent\" data-id=\"1d3547e\" data-element_type=\"container\">\n\t\t\t\t\t<div class=\"e-con-inner\">\n\t\t<div class=\"elementor-element elementor-element-f269944 e-con-full e-flex e-con e-child\" data-id=\"f269944\" data-element_type=\"container\">\n\t\t<div class=\"elementor-element elementor-element-90a2b67 e-grid e-con-full e-con e-child\" data-id=\"90a2b67\" data-element_type=\"container\">\n\t\t\t\t<div class=\"elementor-element elementor-element-597eeb6 elementor-widget elementor-widget-image\" data-id=\"597eeb6\" data-element_type=\"widget\" data-widget_type=\"image.default\">\n\t\t\t\t<div class=\"elementor-widget-container\">\n\t\t\t\t\t\t\t\t\t\t\t\t\t<img decoding=\"async\" width=\"768\" height=\"357\" src=\"https:\/\/garcialonas-mallasombra.com\/wp-content\/uploads\/2025\/04\/WhatsApp-Image-2025-03-28-at-12.50.25-PM-5-768x357.jpeg\" class=\"attachment-medium_large size-medium_large wp-image-133\" alt=\"\" srcset=\"https:\/\/garcialonas-mallasombra.com\/wp-content\/uploads\/2025\/04\/WhatsApp-Image-2025-03-28-at-12.50.25-PM-5-768x357.jpeg 768w, https:\/\/garcialonas-mallasombra.com\/wp-content\/uploads\/2025\/04\/WhatsApp-Image-2025-03-28-at-12.50.25-PM-5-300x140.jpeg 300w, https:\/\/garcialonas-mallasombra.com\/wp-content\/uploads\/2025\/04\/WhatsApp-Image-2025-03-28-at-12.50.25-PM-5-1024x476.jpeg 1024w, https:\/\/garcialonas-mallasombra.com\/wp-content\/uploads\/2025\/04\/WhatsApp-Image-2025-03-28-at-12.50.25-PM-5-1536x715.jpeg 1536w, https:\/\/garcialonas-mallasombra.com\/wp-content\/uploads\/2025\/04\/WhatsApp-Image-2025-03-28-at-12.50.25-PM-5.jpeg 1599w\" sizes=\"(max-width: 768px) 100vw, 768px\" \/>\t\t\t\t\t\t\t\t\t\t\t\t\t<\/div>\n\t\t\t\t<\/div>\n\t\t\t\t<div class=\"elementor-element elementor-element-dbcd0db elementor-widget elementor-widget-image\" data-id=\"dbcd0db\" data-element_type=\"widget\" data-widget_type=\"image.default\">\n\t\t\t\t<div class=\"elementor-widget-container\">\n\t\t\t\t\t\t\t\t\t\t\t\t\t<img decoding=\"async\" width=\"768\" height=\"576\" src=\"https:\/\/garcialonas-mallasombra.com\/wp-content\/uploads\/2024\/06\/WhatsApp-Image-2024-06-20-at-5.43.29-PM-1-768x576.jpeg\" class=\"attachment-medium_large size-medium_large wp-image-71\" alt=\"\" srcset=\"https:\/\/garcialonas-mallasombra.com\/wp-content\/uploads\/2024\/06\/WhatsApp-Image-2024-06-20-at-5.43.29-PM-1-768x576.jpeg 768w, https:\/\/garcialonas-mallasombra.com\/wp-content\/uploads\/2024\/06\/WhatsApp-Image-2024-06-20-at-5.43.29-PM-1-300x225.jpeg 300w, https:\/\/garcialonas-mallasombra.com\/wp-content\/uploads\/2024\/06\/WhatsApp-Image-2024-06-20-at-5.43.29-PM-1-1024x768.jpeg 1024w, https:\/\/garcialonas-mallasombra.com\/wp-content\/uploads\/2024\/06\/WhatsApp-Image-2024-06-20-at-5.43.29-PM-1.jpeg 1280w\" sizes=\"(max-width: 768px) 100vw, 768px\" \/>\t\t\t\t\t\t\t\t\t\t\t\t\t<\/div>\n\t\t\t\t<\/div>\n\t\t\t\t<\/div>\n\t\t\t\t<\/div>\n\t\t<div class=\"elementor-element elementor-element-f4600eb e-con-full e-flex e-con e-child\" data-id=\"f4600eb\" data-element_type=\"container\">\n\t\t\t\t<div class=\"elementor-element elementor-element-4059c1d elementor-widget elementor-widget-heading\" data-id=\"4059c1d\" data-element_type=\"widget\" data-widget_type=\"heading.default\">\n\t\t\t\t<div class=\"elementor-widget-container\">\n\t\t\t<h2 class=\"elementor-heading-title elementor-size-default\">Cortinas verticales<\/h2>\t\t<\/div>\n\t\t\t\t<\/div>\n\t\t\t\t<div class=\"elementor-element elementor-element-50dbe1c elementor-widget elementor-widget-heading\" data-id=\"50dbe1c\" data-element_type=\"widget\" data-widget_type=\"heading.default\">\n\t\t\t\t<div class=\"elementor-widget-container\">\n\t\t\t<h2 class=\"elementor-heading-title elementor-size-default\">Con estructura, enrollables o fijas con argollas.<br><br>- Para negocios<br>- Para ventanas<\/h2>\t\t<\/div>\n\t\t\t\t<\/div>\n\t\t\t\t<\/div>\n\t\t\t\t\t<\/div>\n\t\t\t\t<\/div>\n\t\t<div class=\"elementor-element elementor-element-1df3a9e e-flex e-con-boxed e-con e-parent\" data-id=\"1df3a9e\" data-element_type=\"container\">\n\t\t\t\t\t<div class=\"e-con-inner\">\n\t\t<div class=\"elementor-element elementor-element-84fc83f e-con-full e-flex e-con e-child\" data-id=\"84fc83f\" data-element_type=\"container\">\n\t\t\t\t<div class=\"elementor-element elementor-element-9e2d9a0 elementor-widget elementor-widget-image\" data-id=\"9e2d9a0\" data-element_type=\"widget\" data-widget_type=\"image.default\">\n\t\t\t\t<div class=\"elementor-widget-container\">\n\t\t\t\t\t\t\t\t\t\t\t\t\t<img loading=\"lazy\" decoding=\"async\" width=\"736\" height=\"552\" src=\"https:\/\/garcialonas-mallasombra.com\/wp-content\/uploads\/2025\/04\/WhatsApp-Image-2025-03-28-at-12.50.25-PM-3.jpeg\" class=\"attachment-medium_large size-medium_large wp-image-136\" alt=\"\" srcset=\"https:\/\/garcialonas-mallasombra.com\/wp-content\/uploads\/2025\/04\/WhatsApp-Image-2025-03-28-at-12.50.25-PM-3.jpeg 736w, https:\/\/garcialonas-mallasombra.com\/wp-content\/uploads\/2025\/04\/WhatsApp-Image-2025-03-28-at-12.50.25-PM-3-300x225.jpeg 300w\" sizes=\"(max-width: 736px) 100vw, 736px\" \/>\t\t\t\t\t\t\t\t\t\t\t\t\t<\/div>\n\t\t\t\t<\/div>\n\t\t\t\t<\/div>\n\t\t<div class=\"elementor-element elementor-element-f51443d e-con-full e-flex e-con e-child\" data-id=\"f51443d\" data-element_type=\"container\">\n\t\t\t\t<div class=\"elementor-element elementor-element-8856d3c elementor-widget elementor-widget-heading\" data-id=\"8856d3c\" data-element_type=\"widget\" data-widget_type=\"heading.default\">\n\t\t\t\t<div class=\"elementor-widget-container\">\n\t\t\t<h2 class=\"elementor-heading-title elementor-size-default\">Con argollas<\/h2>\t\t<\/div>\n\t\t\t\t<\/div>\n\t\t\t\t<div class=\"elementor-element elementor-element-21343ab elementor-widget elementor-widget-heading\" data-id=\"21343ab\" data-element_type=\"widget\" data-widget_type=\"heading.default\">\n\t\t\t\t<div class=\"elementor-widget-container\">\n\t\t\t<h2 class=\"elementor-heading-title elementor-size-default\">Para estructuras ya existentes o malla sombra fija totalmente reforzada.<\/h2>\t\t<\/div>\n\t\t\t\t<\/div>\n\t\t\t\t<\/div>\n\t\t\t\t\t<\/div>\n\t\t\t\t<\/div>\n\t\t<div class=\"elementor-element elementor-element-faf994f e-flex e-con-boxed e-con e-parent\" data-id=\"faf994f\" data-element_type=\"container\">\n\t\t\t\t\t<div class=\"e-con-inner\">\n\t\t<div class=\"elementor-element elementor-element-04deb01 e-con-full e-flex e-con e-child\" data-id=\"04deb01\" data-element_type=\"container\">\n\t\t\t\t<div class=\"elementor-element elementor-element-b6be409 elementor-widget elementor-widget-image\" data-id=\"b6be409\" data-element_type=\"widget\" data-widget_type=\"image.default\">\n\t\t\t\t<div class=\"elementor-widget-container\">\n\t\t\t\t\t\t\t\t\t\t\t\t\t<img loading=\"lazy\" decoding=\"async\" width=\"768\" height=\"563\" src=\"https:\/\/garcialonas-mallasombra.com\/wp-content\/uploads\/2025\/04\/WhatsApp-Image-2025-03-28-at-12.50.25-PM-4-768x563.jpeg\" class=\"attachment-medium_large size-medium_large wp-image-134\" alt=\"\" srcset=\"https:\/\/garcialonas-mallasombra.com\/wp-content\/uploads\/2025\/04\/WhatsApp-Image-2025-03-28-at-12.50.25-PM-4-768x563.jpeg 768w, https:\/\/garcialonas-mallasombra.com\/wp-content\/uploads\/2025\/04\/WhatsApp-Image-2025-03-28-at-12.50.25-PM-4-300x220.jpeg 300w, https:\/\/garcialonas-mallasombra.com\/wp-content\/uploads\/2025\/04\/WhatsApp-Image-2025-03-28-at-12.50.25-PM-4.jpeg 1024w\" sizes=\"(max-width: 768px) 100vw, 768px\" \/>\t\t\t\t\t\t\t\t\t\t\t\t\t<\/div>\n\t\t\t\t<\/div>\n\t\t\t\t<\/div>\n\t\t<div class=\"elementor-element elementor-element-3275d30 e-con-full e-flex e-con e-child\" data-id=\"3275d30\" data-element_type=\"container\">\n\t\t\t\t<div class=\"elementor-element elementor-element-bbd4b47 elementor-widget elementor-widget-heading\" data-id=\"bbd4b47\" data-element_type=\"widget\" data-widget_type=\"heading.default\">\n\t\t\t\t<div class=\"elementor-widget-container\">\n\t\t\t<h2 class=\"elementor-heading-title elementor-size-default\">Para Albercas<\/h2>\t\t<\/div>\n\t\t\t\t<\/div>\n\t\t\t\t<div class=\"elementor-element elementor-element-8d3a0a0 elementor-widget elementor-widget-heading\" data-id=\"8d3a0a0\" data-element_type=\"widget\" data-widget_type=\"heading.default\">\n\t\t\t\t<div class=\"elementor-widget-container\">\n\t\t\t<h2 class=\"elementor-heading-title elementor-size-default\">Para cubrir grandes \u00e1reas con o sin estructura, mantiene t\u00fa alberca libre de  residuos mientras brinda protecci\u00f3n del sol sin sacrificar ventilaci\u00f3n.<\/h2>\t\t<\/div>\n\t\t\t\t<\/div>\n\t\t\t\t<\/div>\n\t\t\t\t\t<\/div>\n\t\t\t\t<\/div>\n\t\t<div class=\"elementor-element elementor-element-8a213e2 e-flex e-con-boxed e-con e-parent\" data-id=\"8a213e2\" data-element_type=\"container\">\n\t\t\t\t\t<div class=\"e-con-inner\">\n\t\t<div class=\"elementor-element elementor-element-7dd8301 e-con-full e-flex e-con e-child\" data-id=\"7dd8301\" data-element_type=\"container\">\n\t\t\t\t<div class=\"elementor-element elementor-element-34e8f38 elementor-widget elementor-widget-image\" data-id=\"34e8f38\" data-element_type=\"widget\" data-widget_type=\"image.default\">\n\t\t\t\t<div class=\"elementor-widget-container\">\n\t\t\t\t\t\t\t\t\t\t\t\t\t<img loading=\"lazy\" decoding=\"async\" width=\"320\" height=\"259\" src=\"https:\/\/garcialonas-mallasombra.com\/wp-content\/uploads\/2023\/10\/87ea5dcb-76dc-43fd-97af-764d3884409f.jpg\" class=\"attachment-medium_large size-medium_large wp-image-32\" alt=\"\" srcset=\"https:\/\/garcialonas-mallasombra.com\/wp-content\/uploads\/2023\/10\/87ea5dcb-76dc-43fd-97af-764d3884409f.jpg 320w, https:\/\/garcialonas-mallasombra.com\/wp-content\/uploads\/2023\/10\/87ea5dcb-76dc-43fd-97af-764d3884409f-300x243.jpg 300w\" sizes=\"(max-width: 320px) 100vw, 320px\" \/>\t\t\t\t\t\t\t\t\t\t\t\t\t<\/div>\n\t\t\t\t<\/div>\n\t\t\t\t<\/div>\n\t\t<div class=\"elementor-element elementor-element-5408d83 e-con-full e-flex e-con e-child\" data-id=\"5408d83\" data-element_type=\"container\">\n\t\t\t\t<div class=\"elementor-element elementor-element-934d4fe elementor-widget elementor-widget-heading\" data-id=\"934d4fe\" data-element_type=\"widget\" data-widget_type=\"heading.default\">\n\t\t\t\t<div class=\"elementor-widget-container\">\n\t\t\t<h2 class=\"elementor-heading-title elementor-size-default\">Para Jard\u00edn<\/h2>\t\t<\/div>\n\t\t\t\t<\/div>\n\t\t\t\t<div class=\"elementor-element elementor-element-f30b206 elementor-widget elementor-widget-heading\" data-id=\"f30b206\" data-element_type=\"widget\" data-widget_type=\"heading.default\">\n\t\t\t\t<div class=\"elementor-widget-container\">\n\t\t\t<h2 class=\"elementor-heading-title elementor-size-default\">Mant\u00e9n la est\u00e9tica de tu espacio al aire libre sin perjudicar el jard\u00edn o las plantas que le rodean, un material de alta durabilidad.<\/h2>\t\t<\/div>\n\t\t\t\t<\/div>\n\t\t\t\t<\/div>\n\t\t\t\t\t<\/div>\n\t\t\t\t<\/div>\n\t\t<div class=\"elementor-element elementor-element-dc4542b e-con-full e-flex e-con e-parent\" data-id=\"dc4542b\" data-element_type=\"container\">\n\t\t\t\t<div class=\"elementor-element elementor-element-01d2863 elementor-widget__width-initial elementor-widget elementor-widget-heading\" data-id=\"01d2863\" data-element_type=\"widget\" data-widget_type=\"heading.default\">\n\t\t\t\t<div class=\"elementor-widget-container\">\n\t\t\t<h2 class=\"elementor-heading-title elementor-size-default\">\u00bfNo encuentras lo que buscabas?, \u00bfAlgo capto tu atenci\u00f3n? <br>Cont\u00e1ctanos!, cu\u00e9ntanos tu proyecto y te asesoraremos<\/h2>\t\t<\/div>\n\t\t\t\t<\/div>\n\t\t\t\t<\/div>\n\t\t<div class=\"elementor-element elementor-element-5dcd149 e-flex e-con-boxed e-con e-parent\" data-id=\"5dcd149\" data-element_type=\"container\">\n\t\t\t\t\t<div class=\"e-con-inner\">\n\t\t\t\t<div class=\"elementor-element elementor-element-96e704b elementor-button-info elementor-align-center elementor-widget elementor-widget-button\" data-id=\"96e704b\" data-element_type=\"widget\" data-widget_type=\"button.default\">\n\t\t\t\t<div class=\"elementor-widget-container\">\n\t\t\t\t\t<div class=\"elementor-button-wrapper\">\n\t\t\t<a class=\"elementor-button elementor-button-link elementor-size-sm elementor-animation-grow\" href=\"https:\/\/garcialonas-mallasombra.com\/index.php\/politica-privacidad\/\">\n\t\t\t\t\t\t<span class=\"elementor-button-content-wrapper\">\n\t\t\t\t\t\t\t\t\t<span class=\"elementor-button-text\">Contactanos<\/span>\n\t\t\t\t\t<\/span>\n\t\t\t\t\t<\/a>\n\t\t<\/div>\n\t\t\t\t<\/div>\n\t\t\t\t<\/div>\n\t\t\t\t\t<\/div>\n\t\t\t\t<\/div>\n\t\t\t\t<\/div>\n\t\t","protected":false},"excerpt":{"rendered":"<p>P\u00e9rgolaspara estacionamientozonas de esperaalbercascarpaspara invernaderoCon argollasCortinas verticales (enrollables o fijas) P\u00e9rgolas Para \u00e1reas de descanso o estacionamiento al aire libre. Estructuras completamente adecuadas para malla sombra. Cortinas verticales Con estructura, enrollables o fijas con argollas. &#8211; Para negocios&#8211; Para ventanas Con argollas Para estructuras ya existentes o malla sombra fija totalmente reforzada. Para Albercas Para [&hellip;]<\/p>\n","protected":false},"author":1,"featured_media":0,"parent":0,"menu_order":0,"comment_status":"closed","ping_status":"closed","template":"","meta":{"_monsterinsights_skip_tracking":false,"_monsterinsights_sitenote_active":false,"_monsterinsights_sitenote_note":"","_monsterinsights_sitenote_category":0,"footnotes":""},"class_list":["post-58","page","type-page","status-publish","hentry"],"aioseo_notices":[],"_links":{"self":[{"href":"https:\/\/garcialonas-mallasombra.com\/index.php\/wp-json\/wp\/v2\/pages\/58","targetHints":{"allow":["GET"]}}],"collection":[{"href":"https:\/\/garcialonas-mallasombra.com\/index.php\/wp-json\/wp\/v2\/pages"}],"about":[{"href":"https:\/\/garcialonas-mallasombra.com\/index.php\/wp-json\/wp\/v2\/types\/page"}],"author":[{"embeddable":true,"href":"https:\/\/garcialonas-mallasombra.com\/index.php\/wp-json\/wp\/v2\/users\/1"}],"replies":[{"embeddable":true,"href":"https:\/\/garcialonas-mallasombra.com\/index.php\/wp-json\/wp\/v2\/comments?post=58"}],"version-history":[{"count":14,"href":"https:\/\/garcialonas-mallasombra.com\/index.php\/wp-json\/wp\/v2\/pages\/58\/revisions"}],"predecessor-version":[{"id":142,"href":"https:\/\/garcialonas-mallasombra.com\/index.php\/wp-json\/wp\/v2\/pages\/58\/revisions\/142"}],"wp:attachment":[{"href":"https:\/\/garcialonas-mallasombra.com\/index.php\/wp-json\/wp\/v2\/media?parent=58"}],"curies":[{"name":"wp","href":"https:\/\/api.w.org\/{rel}","templated":true}]}}